{"id":48,"date":"2020-02-18T23:59:12","date_gmt":"2020-02-18T22:59:12","guid":{"rendered":"https:\/\/caract-wurstroller.de\/?page_id=48"},"modified":"2020-02-19T01:41:16","modified_gmt":"2020-02-19T00:41:16","slug":"impressum","status":"publish","type":"page","link":"https:\/\/caract-wurstroller.de\/?page_id=48","title":{"rendered":"Impressum"},"content":{"rendered":"\n<p>RUKAUF GmbH<\/p>\n\n\n\n<p>Adam-Geck-Str. 3<br>\nD-61239 Ober-M\u00f6rlen<\/p>\n\n\n\n<p><strong>Telefon<\/strong>: +49 (0) 6002 \/ 2470466<br>\n<strong>Fax<\/strong>:&nbsp;+49 (0) 6032 713 624&nbsp;<br>\n<strong>E-mail<\/strong>: info[at]rukauf.de<\/p>\n\n\n\n<p>Umsatzsteuer-Identifikationsnummer:&nbsp;DE310429038<\/p>\n\n\n\n<p>Handelsregister: Amtsgericht Friedberg, HRB 8495<\/p>\n\n\n\n<p>Steuernummer: 020\/242\/92575<\/p>\n\n\n\n<p>Gesch\u00e4ftsf\u00fchrer: Artur Trauter&nbsp;<\/p>\n\n\n\n<p><\/p>\n\n\n\n<p><strong>Keine Abmahnung ohne vorherigen Kontakt:<\/strong>&nbsp;Wenn\n der Inhalt oder die Aufmachung unserer Seiten gegen gesetzliche \nBestimmungen oder fremde Rechte dritter versto\u00dft, so fordern wir eine \nentsprechende Nachricht ohne Kostennote. Wir werden die entsprechenden \nPassagen bei Berechtigung l\u00f6schen. Die Einschaltung eines \nRechtsbeistandes ist nicht erforderlich. Sollten dennoch Kosten \nentstehen, weil Sie keinen vorherigen Kontakt aufnahmen, werden wir \ndiese vollstandig zur\u00fcckweisen und Gegenklage erheben.<\/p>\n\n\n\n<p><strong>Verantwortung:<\/strong> Firma RUKAUF GmbH  ist bem\u00fcht, alle Angaben und Informationen des Internetangebots richtig  und vollst\u00e4ndig zur Verf\u00fcgung zu stellen. Die Website  caract-wurstroller.de  wird  stetig aktualisiert und erg\u00e4nzt.\u00a0 Firma RUKAUF GmbH schlie\u00dft jegliche Haftung f\u00fcr Schaden, die direkt oder indirekt aus der Nutzung dieser Website entstehen.<\/p>\n\n\n\n<p><strong>Erkl\u00e4rung zu Links:\u00a0<\/strong>Die  Website caract-wurstroller.de kann auf die Seiten fremder Betreiber (sog. Links)  verweisen. Aufgrund der geltenden rechtlichen Bestimmungen sei  ausdrucklich darauf hingewiesen, dass  Firma RUKAUF GmbH keine Verantwortung  fur diese Inhalte ubernehmen kann und dass sich Firma RUKAUF GmbH\u00a0explizit von anst\u00f6\u00dfigen, jugendgef\u00e4hrdenden oder anderweitig nicht gesetzeskonformen Seiten distanziert.<\/p>\n\n\n\n<p><strong>Urheberrecht:<\/strong>&nbsp;Copyright 2014-2020 RUKAUF GmbH.  Alle Rechte vorbehalten. Alle Inhalte (Bilder, Grafiken, Texte, Ton-  und Videodateien usw. unterliegen dem Schutz des Urheberrechts und  anderer Schutzgesetze. Einige Bereiche der Website rukauf.de k\u00f6nnten  Inhalte enthalten, die dem Copyright Dritter unterliegen.<\/p>\n","protected":false},"excerpt":{"rendered":"<p>RUKAUF GmbH Adam-Geck-Str. 3 D-61239 Ober-M\u00f6rlen Telefon: +49 (0) 6002 \/ 2470466 Fax:&nbsp;+49 (0) 6032 713 624&nbsp; E-mail: info[at]rukauf.de Umsatzsteuer-Identifikationsnummer:&nbsp;DE310429038 Handelsregister: Amtsgericht Friedberg, HRB 8495 Steuernummer: 020\/242\/92575 Gesch\u00e4ftsf\u00fchrer: Artur Trauter&nbsp; Keine Abmahnung ohne vorherigen Kontakt:&nbsp;Wenn der Inhalt oder die Aufmachung unserer Seiten gegen gesetzliche Bestimmungen oder fremde Rechte dritter versto\u00dft, so fordern wir eine entsprechende [&hellip;]<\/p>\n","protected":false},"author":1,"featured_media":0,"parent":0,"menu_order":0,"comment_status":"closed","ping_status":"closed","template":"","meta":[],"_links":{"self":[{"href":"https:\/\/caract-wurstroller.de\/index.php?rest_route=\/wp\/v2\/pages\/48"}],"collection":[{"href":"https:\/\/caract-wurstroller.de\/index.php?rest_route=\/wp\/v2\/pages"}],"about":[{"href":"https:\/\/caract-wurstroller.de\/index.php?rest_route=\/wp\/v2\/types\/page"}],"author":[{"embeddable":true,"href":"https:\/\/caract-wurstroller.de\/index.php?rest_route=\/wp\/v2\/users\/1"}],"replies":[{"embeddable":true,"href":"https:\/\/caract-wurstroller.de\/index.php?rest_route=%2Fwp%2Fv2%2Fcomments&post=48"}],"version-history":[{"count":6,"href":"https:\/\/caract-wurstroller.de\/index.php?rest_route=\/wp\/v2\/pages\/48\/revisions"}],"predecessor-version":[{"id":78,"href":"https:\/\/caract-wurstroller.de\/index.php?rest_route=\/wp\/v2\/pages\/48\/revisions\/78"}],"wp:attachment":[{"href":"https:\/\/caract-wurstroller.de\/index.php?rest_route=%2Fwp%2Fv2%2Fmedia&parent=48"}],"curies":[{"name":"wp","href":"https:\/\/api.w.org\/{rel}","templated":true}]}}