{"id":9,"date":"2020-02-18T21:40:24","date_gmt":"2020-02-18T20:40:24","guid":{"rendered":"http:\/\/caract-wurstroller.de\/?page_id=9"},"modified":"2020-02-20T23:51:14","modified_gmt":"2020-02-20T22:51:14","slug":"caract-wurstroller-offizielle-seite","status":"publish","type":"page","link":"https:\/\/caract-wurstroller.de\/","title":{"rendered":"Startseite"},"content":{"rendered":"\n<div class=\"wp-block-image\"><figure class=\"aligncenter size-large\"><img loading=\"lazy\" width=\"400\" height=\"277\" src=\"https:\/\/caract-wurstroller.de\/wp-content\/uploads\/2020\/02\/001-400.jpg\" alt=\"\" class=\"wp-image-24\" srcset=\"https:\/\/caract-wurstroller.de\/wp-content\/uploads\/2020\/02\/001-400.jpg 400w, https:\/\/caract-wurstroller.de\/wp-content\/uploads\/2020\/02\/001-400-300x208.jpg 300w\" sizes=\"(max-width: 400px) 100vw, 400px\" \/><\/figure><\/div>\n\n\n\n<p><strong>Willkommen auf der offiziellen Seite des CARACT Wurstroller&#8217;s<\/strong><\/p>\n\n\n\n<p>Originelles Grillzubeh\u00f6r zum einschneiden f\u00fcr Grill- und Bratw\u00fcrste<\/p>\n\n\n\n<p>Der Schneidroller originelles Grillaccessoire zum appetitlichen einschneiden von Grill- und Bratw\u00fcrsten vor dem Grillen oder Braten in der Pfanne<\/p>\n\n\n\n<p><strong>Originelles Grilltool zur Vorbereitung von Grill- oder\nBratw\u00fcrsten. Dieses neue Grill &#8211; Zubeh\u00f6r eignet sich auch ideal als Geschenk\noder Mitbringsel<\/strong><\/p>\n\n\n\n<p>\u2022 Der Schneidroller- originelles Grillaccessoire zum appetitlichen\neinschneiden von Grill- und Bratw\u00fcrsten vor dem Grillen oder Braten in der\nPfanne <\/p>\n\n\n\n<p>\u2022 Grillzubeh\u00f6r f\u00fcr W\u00fcrste mit festem Inhalt (Br\u00fchw\u00fcrste, z.B.\nRote) und straffer Pelle <\/p>\n\n\n\n<p>\u2022 Hergestellt aus hochwertigem, lebensmittelechtem und sp\u00fclmaschinenbest\u00e4ndigem Kunststoff <\/p>\n\n\n\n<p>\u2022 Hochwertige Ausf\u00fchrung und Verarbeitung- keine Billigware da Made in Germany<\/p>\n\n\n\n<p>\u2022 Ergonomische Form, die gut in der Hand liegt.<\/p>\n\n\n\n<hr class=\"wp-block-separator\"\/>\n\n\n\n<p>Mit diesem exklusiven, innovativen Grillzubeh\u00f6r sind Sie der Mittelpunkt jeder Grillparty oder Grillfest! Auch f\u00fcr die Pfanne Zuhause verleiht dieses Ger\u00e4t z.B. Bratw\u00fcrsten ein viel appetitlicheres Aussehen. <\/p>\n\n\n\n<p><strong>Verwendung:<\/strong> <br>Legen Sie eine frische Grillwurst auf eine Unterlage und setzen Sie den Schneidroller mit Druck auf ein Ende der Wurst, bis Sie h\u00f6ren und sp\u00fcren wie die Klingen durch die Wurstpelle einschneiden. <br>Nun &#8222;lenken&#8220; Sie einfach mit konstantem Druck an der Wurst entlang bis zum anderen Ende der Wurst. Jetzt das Ganze noch mit der anderen Seite der Wurst wiederholen und Sie haben auf zeitsparende Weise ein ansprechendes, X- f\u00f6rmiges Schnittmuster in die Wurstpelle geschnitten. <br>Dies gelang bisher nur mit einem Messer, deutlich gr\u00f6\u00dferem Zeitverlust und nicht selten mit einem eher bescheidenen \u00e4sthetischen Ergebnis. Am besten gelingt es mit frischen W\u00fcrsten mit einer festen F\u00fcllung und straffer Pelle. <br>Der Durchmesser der Wurst sollte ca. 30 mm betragen wie z. B. eine &#8222;Rote&#8220; Wurst. Der Zweck ist zum einen das Aufplatzen der Wurstpelle w\u00e4hrend des Grillens zu verhindern, zum anderen wird durch die Schnitte und die dadurch erzielte Vergr\u00f6\u00dferung der Oberfl\u00e4che der Grillwurst eine ansprechende Form erreicht. <br><\/p>\n\n\n\n<div class=\"wp-block-image\"><figure class=\"aligncenter size-large\"><img loading=\"lazy\" width=\"500\" height=\"334\" src=\"https:\/\/caract-wurstroller.de\/wp-content\/uploads\/2020\/02\/03-500.jpg\" alt=\"\" class=\"wp-image-32\" srcset=\"https:\/\/caract-wurstroller.de\/wp-content\/uploads\/2020\/02\/03-500.jpg 500w, https:\/\/caract-wurstroller.de\/wp-content\/uploads\/2020\/02\/03-500-300x200.jpg 300w\" sizes=\"(max-width: 500px) 100vw, 500px\" \/><\/figure><\/div>\n\n\n\n<p>Dieses Produkt ist innovativ und eignet sich f\u00fcr den ambitionierten Grillchef und Grillfreund und ist gern gesehen als Mitbringsel auf dem Grillfest. <br>Dieses Grillutensil ist fast unschlagbar als Geschenkidee f\u00fcr den Geburtstag oder auch zur Gesch\u00e4ftser\u00f6ffnung oder Restauranter\u00f6ffnung. <br>Bleibt eigentlich nur noch zu erw\u00e4hnen, dass die Verwendung gro\u00dfen Spa\u00df macht.<\/p>\n","protected":false},"excerpt":{"rendered":"<p>Willkommen auf der offiziellen Seite des CARACT Wurstroller&#8217;s Originelles Grillzubeh\u00f6r zum einschneiden f\u00fcr Grill- und Bratw\u00fcrste Der Schneidroller originelles Grillaccessoire zum appetitlichen einschneiden von Grill- und Bratw\u00fcrsten vor dem Grillen oder Braten in der Pfanne Originelles Grilltool zur Vorbereitung von Grill- oder Bratw\u00fcrsten. Dieses neue Grill &#8211; Zubeh\u00f6r eignet sich auch ideal als Geschenk oder [&hellip;]<\/p>\n","protected":false},"author":1,"featured_media":0,"parent":0,"menu_order":0,"comment_status":"closed","ping_status":"closed","template":"","meta":[],"_links":{"self":[{"href":"https:\/\/caract-wurstroller.de\/index.php?rest_route=\/wp\/v2\/pages\/9"}],"collection":[{"href":"https:\/\/caract-wurstroller.de\/index.php?rest_route=\/wp\/v2\/pages"}],"about":[{"href":"https:\/\/caract-wurstroller.de\/index.php?rest_route=\/wp\/v2\/types\/page"}],"author":[{"embeddable":true,"href":"https:\/\/caract-wurstroller.de\/index.php?rest_route=\/wp\/v2\/users\/1"}],"replies":[{"embeddable":true,"href":"https:\/\/caract-wurstroller.de\/index.php?rest_route=%2Fwp%2Fv2%2Fcomments&post=9"}],"version-history":[{"count":15,"href":"https:\/\/caract-wurstroller.de\/index.php?rest_route=\/wp\/v2\/pages\/9\/revisions"}],"predecessor-version":[{"id":43,"href":"https:\/\/caract-wurstroller.de\/index.php?rest_route=\/wp\/v2\/pages\/9\/revisions\/43"}],"wp:attachment":[{"href":"https:\/\/caract-wurstroller.de\/index.php?rest_route=%2Fwp%2Fv2%2Fmedia&parent=9"}],"curies":[{"name":"wp","href":"https:\/\/api.w.org\/{rel}","templated":true}]}}